{"id":29,"date":"2025-08-20T06:58:44","date_gmt":"2025-08-20T06:58:44","guid":{"rendered":"https:\/\/mvd78.fr\/index.php\/home\/"},"modified":"2025-10-25T15:47:30","modified_gmt":"2025-10-25T15:47:30","slug":"home","status":"publish","type":"page","link":"https:\/\/aloeveracademy.fr\/","title":{"rendered":"\ud83d\udd25 Aloeveracademy, Bonjour a vous"},"content":{"rendered":"\t\t<div data-elementor-type=\"wp-page\" data-elementor-id=\"29\" class=\"elementor elementor-29\">\n\t\t\t\t<div class=\"elementor-element elementor-element-46db253 e-flex e-con-boxed e-con e-parent\" data-id=\"46db253\" data-element_type=\"container\">\n\t\t\t\t\t<div class=\"e-con-inner\">\n\t\t\t\t<div class=\"elementor-element elementor-element-7bdcc85 elementor-drop-cap-yes elementor-drop-cap-view-default elementor-widget elementor-widget-text-editor\" data-id=\"7bdcc85\" data-element_type=\"widget\" data-settings=\"{&quot;drop_cap&quot;:&quot;yes&quot;}\" data-widget_type=\"text-editor.default\">\n\t\t\t\t\t\t\t\t\t<h1 data-start=\"392\" data-end=\"431\"><img decoding=\"async\" class=\"emoji\" role=\"img\" draggable=\"false\" src=\"https:\/\/s.w.org\/images\/core\/emoji\/16.0.1\/svg\/1f33f.svg\" alt=\"\ud83c\udf3f\" \/> <strong data-start=\"397\" data-end=\"429\">Bienvenue sur AloeVerAcademy<\/strong><\/h1><h3 data-start=\"432\" data-end=\"525\">L\u2019espace d\u2019accompagnement d\u00e9di\u00e9 \u00e0 la r\u00e9ussite des distributeurs de notre \u00e9quipe Forever<\/h3><p data-start=\"527\" data-end=\"731\"><strong data-start=\"527\" data-end=\"545\">AloeVerAcademy<\/strong> est n\u00e9 d\u2019une id\u00e9e simple : permettre \u00e0 chaque membre de notre \u00e9quipe de <strong data-start=\"618\" data-end=\"645\">progresser \u00e0 son rythme<\/strong>, avec <strong data-start=\"652\" data-end=\"728\">des outils concrets, un accompagnement humain et un esprit d\u2019\u00e9quipe fort<\/strong>.<\/p><p data-start=\"733\" data-end=\"976\">Ici, pas de comp\u00e9tition.<br data-start=\"757\" data-end=\"760\" \/>Seulement <strong data-start=\"770\" data-end=\"847\">de la coop\u00e9ration, du partage d\u2019exp\u00e9rience et de la motivation collective<\/strong>.<br data-start=\"848\" data-end=\"851\" \/>Chaque distributeur fait partie int\u00e9grante d\u2019un groupe anim\u00e9 par la m\u00eame vision :<br data-start=\"932\" data-end=\"935\" \/><strong data-start=\"935\" data-end=\"974\">grandir ensemble, r\u00e9ussir ensemble.<\/strong><\/p><hr data-start=\"978\" data-end=\"981\" \/><h3 data-start=\"983\" data-end=\"1007\"><img decoding=\"async\" class=\"emoji\" role=\"img\" draggable=\"false\" src=\"https:\/\/s.w.org\/images\/core\/emoji\/16.0.1\/svg\/1f680.svg\" alt=\"\ud83d\ude80\" \/> <strong data-start=\"990\" data-end=\"1007\">Notre mission<\/strong><\/h3><p data-start=\"1008\" data-end=\"1159\">Te donner <strong data-start=\"1018\" data-end=\"1080\">les bonnes m\u00e9thodes, les bons r\u00e9flexes et la bonne \u00e9nergie<\/strong> pour d\u00e9velopper ton activit\u00e9 Forever de mani\u00e8re simple, efficace et durable.<\/p><p data-start=\"1161\" data-end=\"1232\">Que tu sois en plein d\u00e9marrage ou d\u00e9j\u00e0 bien lanc\u00e9, tu trouveras ici :<\/p><ul data-start=\"1233\" data-end=\"1425\"><li data-start=\"1233\" data-end=\"1283\"><p data-start=\"1235\" data-end=\"1283\">des <strong data-start=\"1239\" data-end=\"1280\">formations structur\u00e9es et accessibles<\/strong>,<\/p><\/li><li data-start=\"1284\" data-end=\"1322\"><p data-start=\"1286\" data-end=\"1322\">des <strong data-start=\"1290\" data-end=\"1319\">supports pr\u00eats \u00e0 l\u2019emploi<\/strong>,<\/p><\/li><li data-start=\"1323\" data-end=\"1372\"><p data-start=\"1325\" data-end=\"1372\">des <strong data-start=\"1329\" data-end=\"1369\">conseils concrets pour ton quotidien<\/strong>,<\/p><\/li><li data-start=\"1373\" data-end=\"1425\"><p data-start=\"1375\" data-end=\"1425\">et surtout, une <strong data-start=\"1391\" data-end=\"1422\">\u00e9quipe toujours \u00e0 tes c\u00f4t\u00e9s<\/strong>.<\/p><\/li><\/ul><hr data-start=\"1427\" data-end=\"1430\" \/><h3 data-start=\"1432\" data-end=\"1469\"><img decoding=\"async\" class=\"emoji\" role=\"img\" draggable=\"false\" src=\"https:\/\/s.w.org\/images\/core\/emoji\/16.0.1\/svg\/1f331.svg\" alt=\"\ud83c\udf31\" \/> <strong data-start=\"1439\" data-end=\"1469\">Ton espace, ta progression<\/strong><\/h3><p data-start=\"1470\" data-end=\"1534\">AloeVerAcademy est ton espace de r\u00e9f\u00e9rence.<br data-start=\"1513\" data-end=\"1516\" \/>Tu y trouveras :<\/p><ul data-start=\"1535\" data-end=\"1773\"><li data-start=\"1535\" data-end=\"1576\"><p data-start=\"1537\" data-end=\"1576\">un <strong data-start=\"1540\" data-end=\"1573\">parcours de formation complet<\/strong>,<\/p><\/li><li data-start=\"1577\" data-end=\"1665\"><p data-start=\"1579\" data-end=\"1665\">des <strong data-start=\"1583\" data-end=\"1602\">fiches produits<\/strong>, des <strong data-start=\"1608\" data-end=\"1633\">argumentaires clients<\/strong> et des <strong data-start=\"1641\" data-end=\"1662\">astuces pratiques<\/strong>,<\/p><\/li><li data-start=\"1666\" data-end=\"1698\"><p data-start=\"1668\" data-end=\"1698\">un <strong data-start=\"1671\" data-end=\"1695\">suivi d\u2019\u00e9quipe clair<\/strong>,<\/p><\/li><li data-start=\"1699\" data-end=\"1773\"><p data-start=\"1701\" data-end=\"1773\">et un <strong data-start=\"1707\" data-end=\"1728\">espace de partage<\/strong> pour \u00e9changer avec d\u2019autres distributeurs.<\/p><\/li><\/ul><p data-start=\"1775\" data-end=\"1888\">Chaque module est con\u00e7u pour t\u2019aider \u00e0 avancer sereinement,<br data-start=\"1834\" data-end=\"1837\" \/>pas \u00e0 pas, vers plus d\u2019autonomie et de r\u00e9sultats.<\/p><hr data-start=\"1890\" data-end=\"1893\" \/><h3 data-start=\"1895\" data-end=\"1929\"><img decoding=\"async\" class=\"emoji\" role=\"img\" draggable=\"false\" src=\"https:\/\/s.w.org\/images\/core\/emoji\/16.0.1\/svg\/1f4ac.svg\" alt=\"\ud83d\udcac\" \/> <strong data-start=\"1902\" data-end=\"1929\">L\u2019esprit AloeVerAcademy<\/strong><\/h3><p data-start=\"1930\" data-end=\"2069\">Ici, nous croyons \u00e0 la <strong data-start=\"1953\" data-end=\"1975\">force du collectif<\/strong>.<br data-start=\"1976\" data-end=\"1979\" \/>Nous avan\u00e7ons ensemble, nous c\u00e9l\u00e9brons ensemble,<br data-start=\"2027\" data-end=\"2030\" \/>et nous apprenons les uns des autres.<\/p><p data-start=\"2071\" data-end=\"2201\">AloeVerAcademy, c\u2019est <strong data-start=\"2093\" data-end=\"2143\">une \u00e9quipe, une \u00e9nergie, une direction commune<\/strong> : la r\u00e9ussite de chacun au service du succ\u00e8s collectif.<\/p><hr data-start=\"2203\" data-end=\"2206\" \/><h3 data-start=\"2208\" data-end=\"2251\"><img decoding=\"async\" class=\"emoji\" role=\"img\" draggable=\"false\" src=\"https:\/\/s.w.org\/images\/core\/emoji\/16.0.1\/svg\/1f31f.svg\" alt=\"\ud83c\udf1f\" \/> <strong data-start=\"2215\" data-end=\"2251\">Pr\u00eat \u00e0 continuer ton ascension ?<\/strong><\/h3><p data-start=\"2252\" data-end=\"2388\">Explore les ressources, suis les formations, et partage ton \u00e9volution avec le groupe.<br data-start=\"2337\" data-end=\"2340\" \/>Chaque action compte, chaque r\u00e9ussite inspire.<\/p><p data-start=\"2390\" data-end=\"2485\">Bienvenue dans <strong data-start=\"2405\" data-end=\"2441\">l\u2019Acad\u00e9mie de ton \u00e9quipe Forever<\/strong> \u2014<\/p><p><span style=\"font-size: 1rem;\">l\u00e0 o\u00f9 ta motivation devient r\u00e9ussite.<\/span>Lorem ipsum dolor sit amet, consectetur adipiscing elit. Ut elit tellus, luctus nec ullamcorper mattis, pulvinar dapibus leo.<\/p>\t\t\t\t\t\t\t\t<\/div>\n\t\t\t\t\t<\/div>\n\t\t\t\t<\/div>\n\t\t\t\t<\/div>\n\t\t","protected":false},"excerpt":{"rendered":"<p>Bienvenue sur AloeVerAcademy L\u2019espace d\u2019accompagnement d\u00e9di\u00e9 \u00e0 la r\u00e9ussite des distributeurs de notre \u00e9quipe Forever AloeVerAcademy est n\u00e9 d\u2019une id\u00e9e simple : permettre \u00e0 chaque membre de notre \u00e9quipe de progresser \u00e0 son rythme, avec des outils concrets, un accompagnement humain et un esprit d\u2019\u00e9quipe fort. Ici, pas de comp\u00e9tition.Seulement de la coop\u00e9ration, du partage [&hellip;]<\/p>\n","protected":false},"author":1,"featured_media":0,"parent":0,"menu_order":0,"comment_status":"closed","ping_status":"closed","template":"elementor_theme","meta":{"footnotes":""},"class_list":["post-29","page","type-page","status-publish","hentry"],"yoast_head":"<!-- This site is optimized with the Yoast SEO plugin v26.3 - https:\/\/yoast.com\/wordpress\/plugins\/seo\/ -->\n<title>\ud83d\udd25 Aloeveracademy, Bonjour a vous - Aloeveracademy.fr<\/title>\n<meta name=\"robots\" content=\"index, follow, max-snippet:-1, max-image-preview:large, max-video-preview:-1\" \/>\n<link rel=\"canonical\" href=\"https:\/\/aloeveracademy.fr\/\" \/>\n<meta property=\"og:locale\" content=\"fr_FR\" \/>\n<meta property=\"og:type\" content=\"article\" \/>\n<meta property=\"og:title\" content=\"\ud83d\udd25 Aloeveracademy, Bonjour a vous - Aloeveracademy.fr\" \/>\n<meta property=\"og:description\" content=\"Bienvenue sur AloeVerAcademy L\u2019espace d\u2019accompagnement d\u00e9di\u00e9 \u00e0 la r\u00e9ussite des distributeurs de notre \u00e9quipe Forever AloeVerAcademy est n\u00e9 d\u2019une id\u00e9e simple : permettre \u00e0 chaque membre de notre \u00e9quipe de progresser \u00e0 son rythme, avec des outils concrets, un accompagnement humain et un esprit d\u2019\u00e9quipe fort. Ici, pas de comp\u00e9tition.Seulement de la coop\u00e9ration, du partage [&hellip;]\" \/>\n<meta property=\"og:url\" content=\"https:\/\/aloeveracademy.fr\/\" \/>\n<meta property=\"og:site_name\" content=\"Aloeveracademy.fr\" \/>\n<meta property=\"article:modified_time\" content=\"2025-10-25T15:47:30+00:00\" \/>\n<meta property=\"og:image\" content=\"https:\/\/s.w.org\/images\/core\/emoji\/16.0.1\/svg\/1f33f.svg\" \/>\n<meta name=\"twitter:card\" content=\"summary_large_image\" \/>\n<meta name=\"twitter:label1\" content=\"Dur\u00e9e de lecture estim\u00e9e\" \/>\n\t<meta name=\"twitter:data1\" content=\"3 minutes\" \/>\n<script type=\"application\/ld+json\" class=\"yoast-schema-graph\">{\"@context\":\"https:\/\/schema.org\",\"@graph\":[{\"@type\":\"WebPage\",\"@id\":\"https:\/\/aloeveracademy.fr\/\",\"url\":\"https:\/\/aloeveracademy.fr\/\",\"name\":\"\ud83d\udd25 Aloeveracademy, Bonjour a vous - Aloeveracademy.fr\",\"isPartOf\":{\"@id\":\"https:\/\/aloeveracademy.fr\/#website\"},\"primaryImageOfPage\":{\"@id\":\"https:\/\/aloeveracademy.fr\/#primaryimage\"},\"image\":{\"@id\":\"https:\/\/aloeveracademy.fr\/#primaryimage\"},\"thumbnailUrl\":\"https:\/\/s.w.org\/images\/core\/emoji\/16.0.1\/svg\/1f33f.svg\",\"datePublished\":\"2025-08-20T06:58:44+00:00\",\"dateModified\":\"2025-10-25T15:47:30+00:00\",\"breadcrumb\":{\"@id\":\"https:\/\/aloeveracademy.fr\/#breadcrumb\"},\"inLanguage\":\"fr-FR\",\"potentialAction\":[{\"@type\":\"ReadAction\",\"target\":[\"https:\/\/aloeveracademy.fr\/\"]}]},{\"@type\":\"ImageObject\",\"inLanguage\":\"fr-FR\",\"@id\":\"https:\/\/aloeveracademy.fr\/#primaryimage\",\"url\":\"https:\/\/s.w.org\/images\/core\/emoji\/16.0.1\/svg\/1f33f.svg\",\"contentUrl\":\"https:\/\/s.w.org\/images\/core\/emoji\/16.0.1\/svg\/1f33f.svg\"},{\"@type\":\"BreadcrumbList\",\"@id\":\"https:\/\/aloeveracademy.fr\/#breadcrumb\",\"itemListElement\":[{\"@type\":\"ListItem\",\"position\":1,\"name\":\"Accueil\",\"item\":\"https:\/\/aloeveracademy.fr\/\"},{\"@type\":\"ListItem\",\"position\":2,\"name\":\"\ud83d\udd25 Aloeveracademy, Bonjour a vous\"}]},{\"@type\":\"WebSite\",\"@id\":\"https:\/\/aloeveracademy.fr\/#website\",\"url\":\"https:\/\/aloeveracademy.fr\/\",\"name\":\"Aloeveracademy.fr\",\"description\":\"Pour les distributeurs de la meilleure \u00e9quipe !\",\"publisher\":{\"@id\":\"https:\/\/aloeveracademy.fr\/#organization\"},\"potentialAction\":[{\"@type\":\"SearchAction\",\"target\":{\"@type\":\"EntryPoint\",\"urlTemplate\":\"https:\/\/aloeveracademy.fr\/?s={search_term_string}\"},\"query-input\":{\"@type\":\"PropertyValueSpecification\",\"valueRequired\":true,\"valueName\":\"search_term_string\"}}],\"inLanguage\":\"fr-FR\"},{\"@type\":\"Organization\",\"@id\":\"https:\/\/aloeveracademy.fr\/#organization\",\"name\":\"Aloeveracademy.fr\",\"url\":\"https:\/\/aloeveracademy.fr\/\",\"logo\":{\"@type\":\"ImageObject\",\"inLanguage\":\"fr-FR\",\"@id\":\"https:\/\/aloeveracademy.fr\/#\/schema\/logo\/image\/\",\"url\":\"https:\/\/aloeveracademy.fr\/wp-content\/uploads\/2025\/08\/017.png\",\"contentUrl\":\"https:\/\/aloeveracademy.fr\/wp-content\/uploads\/2025\/08\/017.png\",\"width\":1024,\"height\":1024,\"caption\":\"Aloeveracademy.fr\"},\"image\":{\"@id\":\"https:\/\/aloeveracademy.fr\/#\/schema\/logo\/image\/\"}}]}<\/script>\n<!-- \/ Yoast SEO plugin. -->","yoast_head_json":{"title":"\ud83d\udd25 Aloeveracademy, Bonjour a vous - Aloeveracademy.fr","robots":{"index":"index","follow":"follow","max-snippet":"max-snippet:-1","max-image-preview":"max-image-preview:large","max-video-preview":"max-video-preview:-1"},"canonical":"https:\/\/aloeveracademy.fr\/","og_locale":"fr_FR","og_type":"article","og_title":"\ud83d\udd25 Aloeveracademy, Bonjour a vous - Aloeveracademy.fr","og_description":"Bienvenue sur AloeVerAcademy L\u2019espace d\u2019accompagnement d\u00e9di\u00e9 \u00e0 la r\u00e9ussite des distributeurs de notre \u00e9quipe Forever AloeVerAcademy est n\u00e9 d\u2019une id\u00e9e simple : permettre \u00e0 chaque membre de notre \u00e9quipe de progresser \u00e0 son rythme, avec des outils concrets, un accompagnement humain et un esprit d\u2019\u00e9quipe fort. Ici, pas de comp\u00e9tition.Seulement de la coop\u00e9ration, du partage [&hellip;]","og_url":"https:\/\/aloeveracademy.fr\/","og_site_name":"Aloeveracademy.fr","article_modified_time":"2025-10-25T15:47:30+00:00","og_image":[{"url":"https:\/\/s.w.org\/images\/core\/emoji\/16.0.1\/svg\/1f33f.svg","type":"","width":"","height":""}],"twitter_card":"summary_large_image","twitter_misc":{"Dur\u00e9e de lecture estim\u00e9e":"3 minutes"},"schema":{"@context":"https:\/\/schema.org","@graph":[{"@type":"WebPage","@id":"https:\/\/aloeveracademy.fr\/","url":"https:\/\/aloeveracademy.fr\/","name":"\ud83d\udd25 Aloeveracademy, Bonjour a vous - Aloeveracademy.fr","isPartOf":{"@id":"https:\/\/aloeveracademy.fr\/#website"},"primaryImageOfPage":{"@id":"https:\/\/aloeveracademy.fr\/#primaryimage"},"image":{"@id":"https:\/\/aloeveracademy.fr\/#primaryimage"},"thumbnailUrl":"https:\/\/s.w.org\/images\/core\/emoji\/16.0.1\/svg\/1f33f.svg","datePublished":"2025-08-20T06:58:44+00:00","dateModified":"2025-10-25T15:47:30+00:00","breadcrumb":{"@id":"https:\/\/aloeveracademy.fr\/#breadcrumb"},"inLanguage":"fr-FR","potentialAction":[{"@type":"ReadAction","target":["https:\/\/aloeveracademy.fr\/"]}]},{"@type":"ImageObject","inLanguage":"fr-FR","@id":"https:\/\/aloeveracademy.fr\/#primaryimage","url":"https:\/\/s.w.org\/images\/core\/emoji\/16.0.1\/svg\/1f33f.svg","contentUrl":"https:\/\/s.w.org\/images\/core\/emoji\/16.0.1\/svg\/1f33f.svg"},{"@type":"BreadcrumbList","@id":"https:\/\/aloeveracademy.fr\/#breadcrumb","itemListElement":[{"@type":"ListItem","position":1,"name":"Accueil","item":"https:\/\/aloeveracademy.fr\/"},{"@type":"ListItem","position":2,"name":"\ud83d\udd25 Aloeveracademy, Bonjour a vous"}]},{"@type":"WebSite","@id":"https:\/\/aloeveracademy.fr\/#website","url":"https:\/\/aloeveracademy.fr\/","name":"Aloeveracademy.fr","description":"Pour les distributeurs de la meilleure \u00e9quipe !","publisher":{"@id":"https:\/\/aloeveracademy.fr\/#organization"},"potentialAction":[{"@type":"SearchAction","target":{"@type":"EntryPoint","urlTemplate":"https:\/\/aloeveracademy.fr\/?s={search_term_string}"},"query-input":{"@type":"PropertyValueSpecification","valueRequired":true,"valueName":"search_term_string"}}],"inLanguage":"fr-FR"},{"@type":"Organization","@id":"https:\/\/aloeveracademy.fr\/#organization","name":"Aloeveracademy.fr","url":"https:\/\/aloeveracademy.fr\/","logo":{"@type":"ImageObject","inLanguage":"fr-FR","@id":"https:\/\/aloeveracademy.fr\/#\/schema\/logo\/image\/","url":"https:\/\/aloeveracademy.fr\/wp-content\/uploads\/2025\/08\/017.png","contentUrl":"https:\/\/aloeveracademy.fr\/wp-content\/uploads\/2025\/08\/017.png","width":1024,"height":1024,"caption":"Aloeveracademy.fr"},"image":{"@id":"https:\/\/aloeveracademy.fr\/#\/schema\/logo\/image\/"}}]}},"_links":{"self":[{"href":"https:\/\/aloeveracademy.fr\/index.php\/wp-json\/wp\/v2\/pages\/29","targetHints":{"allow":["GET"]}}],"collection":[{"href":"https:\/\/aloeveracademy.fr\/index.php\/wp-json\/wp\/v2\/pages"}],"about":[{"href":"https:\/\/aloeveracademy.fr\/index.php\/wp-json\/wp\/v2\/types\/page"}],"author":[{"embeddable":true,"href":"https:\/\/aloeveracademy.fr\/index.php\/wp-json\/wp\/v2\/users\/1"}],"replies":[{"embeddable":true,"href":"https:\/\/aloeveracademy.fr\/index.php\/wp-json\/wp\/v2\/comments?post=29"}],"version-history":[{"count":37,"href":"https:\/\/aloeveracademy.fr\/index.php\/wp-json\/wp\/v2\/pages\/29\/revisions"}],"predecessor-version":[{"id":303,"href":"https:\/\/aloeveracademy.fr\/index.php\/wp-json\/wp\/v2\/pages\/29\/revisions\/303"}],"wp:attachment":[{"href":"https:\/\/aloeveracademy.fr\/index.php\/wp-json\/wp\/v2\/media?parent=29"}],"curies":[{"name":"wp","href":"https:\/\/api.w.org\/{rel}","templated":true}]}}